{"id":478,"date":"2018-11-29T12:46:16","date_gmt":"2018-11-29T11:46:16","guid":{"rendered":"https:\/\/ifel-new.dertester.de\/?page_id=478"},"modified":"2019-01-28T15:56:25","modified_gmt":"2019-01-28T14:56:25","slug":"4-1-seminar-auf-madeira-vom-08-03-2020-bis-13-03-2020","status":"publish","type":"page","link":"http:\/\/ifel-institut.eu\/en\/4-1-seminar-auf-madeira-vom-08-03-2020-bis-13-03-2020\/","title":{"rendered":"4.1 Course auf Madeira from 08.03.2020 to 13.03.2020"},"content":{"rendered":"<p>[et_pb_section fb_built=&#8221;1&#8243; _builder_version=&#8221;3.17.6&#8243; custom_padding=&#8221;0px||0px|&#8221;][et_pb_row make_fullwidth=&#8221;on&#8221; use_custom_gutter=&#8221;on&#8221; gutter_width=&#8221;1&#8243; custom_padding=&#8221;0px||0px|&#8221; _builder_version=&#8221;3.17.6&#8243;][et_pb_column type=&#8221;4_4&#8243; _builder_version=&#8221;3.0.47&#8243; parallax=&#8221;off&#8221; parallax_method=&#8221;on&#8221;][et_pb_slider _builder_version=&#8221;3.19.5&#8243;][et_pb_slide heading=&#8221;4.1 Course on Madeira from 08.03.2020 to 13.03.2020&#8243; use_bg_overlay=&#8221;off&#8221; use_text_overlay=&#8221;off&#8221; _builder_version=&#8221;3.19.5&#8243; header_text_align=&#8221;center&#8221; body_text_align=&#8221;center&#8221; background_color=&#8221;#0055a5&#8243; button_on_hover=&#8221;on&#8221; button_alignment=&#8221;center&#8221; custom_padding=&#8221;100px||100px|&#8221; custom_padding_tablet=&#8221;0px||0px|&#8221; custom_padding_phone=&#8221;0px||0px|&#8221;][\/et_pb_slide][\/et_pb_slider][\/et_pb_column][\/et_pb_row][\/et_pb_section][et_pb_section fb_built=&#8221;1&#8243; _builder_version=&#8221;3.17.6&#8243;][et_pb_row make_fullwidth=&#8221;on&#8221; use_custom_gutter=&#8221;on&#8221; gutter_width=&#8221;1&#8243; custom_padding=&#8221;0px||0px|&#8221; make_equal=&#8221;on&#8221; background_color_1=&#8221;#3498e4&#8243; background_color_2=&#8221;#ffffff&#8221; background_color_3=&#8221;#ffffff&#8221; padding_top_1=&#8221;30px&#8221; padding_top_2=&#8221;30px&#8221; padding_top_3=&#8221;30px&#8221; padding_right_1=&#8221;20px&#8221; padding_right_2=&#8221;30px&#8221; padding_right_3=&#8221;20px&#8221; padding_bottom_1=&#8221;30px&#8221; padding_bottom_2=&#8221;30px&#8221; padding_bottom_3=&#8221;30px&#8221; padding_left_1=&#8221;20px&#8221; padding_left_2=&#8221;30px&#8221; padding_left_3=&#8221;20px&#8221; module_class_1=&#8221;left_menu_hide&#8221; _builder_version=&#8221;3.19.5&#8243; module_alignment=&#8221;center&#8221;][et_pb_column type=&#8221;1_4&#8243; _builder_version=&#8221;3.0.47&#8243; padding_bottom=&#8221;30px&#8221; padding_left=&#8221;20px&#8221; padding_right=&#8221;20px&#8221; padding_top=&#8221;30px&#8221; background_color=&#8221;#3498e4&#8243; parallax=&#8221;off&#8221; parallax_method=&#8221;on&#8221; module_class=&#8221;left_menu_hide&#8221;][et_pb_sidebar area=&#8221;sidebar-1&#8243; _builder_version=&#8221;3.17.6&#8243;][\/et_pb_sidebar][\/et_pb_column][et_pb_column type=&#8221;1_2&#8243; _builder_version=&#8221;3.0.47&#8243; padding_bottom=&#8221;30px&#8221; padding_left=&#8221;30px&#8221; padding_right=&#8221;30px&#8221; padding_top=&#8221;30px&#8221; background_color=&#8221;#ffffff&#8221; parallax=&#8221;off&#8221; parallax_method=&#8221;on&#8221;][et_pb_text _builder_version=&#8221;3.17.6&#8243; text_text_color=&#8221;#191970&#8243;]<\/p>\n<p><strong>TRAINING DESCRIPTION FORM<\/strong><\/p>\n<p>TITLE OF THE TRAINING ACTIVITY :<strong>Project management for cross-cultural exchange projects in Europe<\/strong><\/p>\n<p>TYPE OF TRAINING ACTIVITY<br \/>TRAINING AIMED AT PARTICIPANTS RECEIVING: <strong>A GRANT FOR ERASMUS+<\/strong><\/p>\n<p>THEMATIC FIELD OF THE TRAINING<br \/>GENERAL IN-SERVICE TRAINING<br \/>Active citizenship<br \/>Education management\/project Management<br \/>European citizenship &amp; European Dimension<br \/>Intercultural education<br \/>School management, school autonomy<\/p>\n<p>LANGUAGES USED FOR THE TRAINING MAIN LANGUAGE: <strong>German<\/strong><br \/>LANGUAGE VERSION(S) IN WHICH MATERIALS WILL BE PROVIDED: <strong>German<\/strong><\/p>\n<p>EDUCATION SECTOR OF THE TRAINING PARTICIPANTS<br \/>SCHOOL AND PRE-SCHOOL EDUCATION<br \/>Pre-Primary<br \/>Primary<br \/>General secondary<br \/>Vocational\/Technical secondary<br \/>Special education for disabled persons<br \/>ADULT EDUCATION<br \/>Adult education provider<br \/>Second chance or remedial education<br \/>Adult education for disabled persons<br \/>Organisations working with migrant groups\/ethnic minorities<br \/>TARGET AUDIENCE<br \/>Teachers (Pre-school, primary, secondary, vocational, adult, special needs)<br \/>Teacher Trainers<br \/>Careers officers, educational guides and counsellors<br \/>Headteachers\/principals\/managers of schools\/organisations offering adult education<br \/>Non-teaching administrative staff<br \/>Other, namely: social workers<\/p>\n<p>INSTITUTION ORGANISING THE TRAINING<br \/>NAME OF THE ORGANISATION: <strong>IfeL Institut f\u00fcr europ\u00e4ische Lehrerfortbildung UG (haftungsbeschr\u00e4nkt)<\/strong><br \/>STREET AND NUMBER: <strong>Klaus \u2013 Groth \u2013 Str. 84<\/strong><br \/>POSTCODE: <strong>20535<\/strong><br \/>TOWN \/ CITY: <strong>Hamburg<\/strong><br \/>COUNTRY: <strong>Germany<\/strong><br \/>WEBSITE: <strong>www.ifel-institut.eu<\/strong><\/p>\n<p>ORGANISER OF THE TRAINING:<br \/>PERSON: <strong>Dzintra Dreyer<\/strong><br \/>TEL NR: <strong>+49 4032 599029<\/strong><br \/>EMAIL: <strong>ifel-institut@web.de<\/strong><br \/>EMAIL:<strong>kontakt@ifel-institut.eu<\/strong><\/p>\n<p><strong>FULL DESCRIPTION OF TRAINING CONTENTS IN THE LANGUAGE OF THE TRAINING:<\/strong><\/p>\n<p><strong>Preparation<\/strong><br \/>All participants have to work out questions on intercultural project management to discuss them within the training goup. participants will receive basic information on project management and intercultural communication before the course.<\/p>\n<p><strong>Objectives<\/strong><br \/>The training course <strong>Project management for <\/strong>cross- cultural<strong> exchange projects in europe<\/strong> aims to expand the participants\u00b4understanding of executing, developing, planning and managing European projects. It will include:<\/p>\n<ul>\n<li>an overview of the relevant European funded programs<\/li>\n<li>sources of information and helpful indicators to analyze the information about project planning, development and management<\/li>\n<li>partner search strategies<\/li>\n<li>partner roles in project management<\/li>\n<li>project financial management<\/li>\n<li>monitoring of project<\/li>\n<li>evaluation, dissemination and valorization strategies<\/li>\n<li>common problems and how to avoid them<\/li>\n<li>intercultural communication strategies<\/li>\n<\/ul>\n<p><strong>Methodology<\/strong><br \/>The course lasts 48 hours and will consist of theoretical and practical activities. The methodology will be based on Integration of theory and practice as well as sharing Expertise and analyzing case studies. The following methods will be applied:<\/p>\n<ul>\n<li>plenary<\/li>\n<li>discussions in pairs and small groups<\/li>\n<li>role play<\/li>\n<li>interactive poster sessions<\/li>\n<li>workshops<\/li>\n<\/ul>\n<p><strong>Follow-up<\/strong><br \/>After the course the participants will Exchange their Project Management experience on the course platform as well ask questions they are interested in. The international instructors from different EU countries will also be avaible after the course to provide individual assistance.<\/p>\n<p><strong>PROGRAMME OF THE TRAINING ACTIVITIES (DAY BY DAY) IN THE LANGUAGE OF THE TRAINING:<\/strong><\/p>\n<p><strong>SUNDAY:<\/strong><br \/>09.00 Greeting in the seminar room and warming up<br \/>09.15 Introduction of the participants and presentation of the seminar program<br \/>11.00 Overview of the educational Program Erasmus+<br \/>12.00 Intercultural cooperation in the Project phases<br \/>\u2013 The Project Initiation Phase;<br \/>\u2013 The Partner Finding Phase;<br \/>14.00 \u2013 The Project Planning Phase;<br \/>\u2013 The Team Building Phase;<br \/>\u2013 The Project Implementation Phase;<br \/>-The Final Phase;<br \/>\u2013 The Phase Following of the Project;<br \/>\u2013 The realisation phase<br \/>16.00 Sightseeing in local places of interest<\/p>\n<p><strong>MONDAY:<\/strong><br \/>09.00 Warming up<br \/>09.15 Different kinds of project possibilities<br \/>10.30 Basic questions to the project application, project evaluation and project accounting<br \/>11.30 Preparatory visits<br \/>12.00 Intercultural interactions activity \u2013 The perception of a foreign culture through their own cultural glasses<br \/>14.00 Project Management Workshop 1: The relevance of the topic for project work<br \/>14.00 Intercultural Workshop 1: Constructive cooperation in the projectIntercultural interaction games for project work<br \/>20.15 International evening: The participants will present cross-cultural peculiarities of their Country<\/p>\n<p><strong>TUESDAY:<\/strong><br \/>09.00 Warming up<br \/>09.15 Project sponsors and foundations from Europe: Nordplus Project; Europeans for Peace; Youth in Action \u2013 etc.<br \/>10.45 \u201eEtiquette rules\u201e for the intercultural project work in Europe<br \/>11.45 The cross-cultural Iceberg model<br \/>14.00 Benefits and dangers of prejudice<br \/>15.15 Project Management Workshop 2: Planning of cross-cultural Encounters<br \/>15.15 Intercultural Workshop 2: Different People \u2013 Different cultures in our own country<\/p>\n<p><strong>WEDNESDAY:<\/strong><br \/>09.00 Warming up<br \/>09.15 Public Relations<br \/>10.30 Sharing experience of project Management<br \/>11.30 Intercultural interactin activity<br \/>14.00 Project Management Workshop 3: The cross- cultural Encounters<br \/>14.00 Intercultural Workshop 3: Different people \u2013 different cultures in their own Country<br \/>15.30 Project Management Workshop 4: Challenges in the cooperation of intercultural project workshop<br \/>15.30 Intercultural Workshop 4: Cross-cultural differences in the understanding of quality<br \/>20.15 International evening: The participants will present cross-cultural peculiarities of their country<\/p>\n<p><strong>THURSDAY:<\/strong><br \/>09.00 Warming up<br \/>09.15 Problems that can arise carryng out projects<br \/>10.45 Final Project Report. EST<br \/>11.45 Intercultural interaction activity<br \/>14.00 Project Management Workshop 5: Cooperation of intercultural Groups<br \/>Intercultural interaction activities for Project work<br \/>15.00 Intercultural interaction activit<br \/>16.00 Sightseein in local places of interest with German speaking guide<\/p>\n<p><strong>FRIDAY:<\/strong><br \/>09.00 Warming up<br \/>09.15 Strategies for dissemination of seminar results<br \/>10.00 Presentation and discussion of workshop results<br \/>11.15 Preparation of the presentations of workshop results<br \/>12.00 Presentation of the created projects<br \/>14.00 Evaluation of the course\/ feedback of the participants<br \/>15.30 Distribution of certificates<br \/>19.45 Final evening<\/p>\n<p>TYPE OF CERTIFICATION OF ATTENDANCE AWARDED IN THE LANGUAGE OF THE TRAINING:<strong>Certificate of attendance including description of training content and time input<\/strong><\/p>\n<p>DATE OF START:<strong>08\/03\/2020<\/strong><br \/>TIME OF START:<strong>09.00<\/strong><br \/>DATE OF END:<strong>13\/03\/2020<\/strong><br \/>TIME OF END:<strong>16.00<\/strong><\/p>\n<p>NAME OF HOST INSTITUTION: <strong>hotel<\/strong><br \/>TOWN \/ CITY:\u00a0<strong>Funchal\/ Madeira<\/strong><br \/>COUNTRY:<strong>Portugal<\/strong><\/p>\n<p><strong>IODENTIFICATION OF THE TRAINERS: NAME, PROFESSIONAL QUALIFICATION, ROLE DURING THE TRAINING:<\/strong><br \/>NAME \u2013 COUNTRY \u2013 ROLE DURING THE TRAINING \u2013 PROFESSIONAL QUALIFICATION<br \/>Dzintra Dreyer \u2013 Germany \u2013 Trainer \u2013 Master of Education Sience, Projectmanager<br \/>Maria do Rosario Goncalves da Silva Rodrigues Ferreira \u2013 Portugal \u2013 Intercultural Trainer, Master of Education Science<br \/>Ewa Nowak \u2013 Polen \u2013 Project Management Trainer \u2013 Master of Pedagogic, Projectmanager Trainer<\/p>\n<p>FEE IN \u20ac FOR ACCOMMODATION AND MEALS:<\/p>\n<p><strong>960.00 \u20ac (accommodation in a single room &amp; all meals)<\/strong><br \/><strong>820.00\u20ac (accomidation in a double room &amp; all meals)<\/strong><\/p>\n<p>COURSE FEE IN \u20ac (TUITION AND MATERIALS):<strong>700.00 \u20ac<\/strong><\/p>\n<p>[\/et_pb_text][\/et_pb_column][et_pb_column type=&#8221;1_4&#8243; _builder_version=&#8221;3.0.47&#8243; padding_bottom=&#8221;30px&#8221; padding_left=&#8221;20px&#8221; padding_right=&#8221;20px&#8221; padding_top=&#8221;30px&#8221; background_color=&#8221;#ffffff&#8221; parallax=&#8221;off&#8221; parallax_method=&#8221;on&#8221;][et_pb_image src=&#8221;http:\/\/ifel-institut.eu\/wp-content\/uploads\/2019\/01\/flowers-1723582_640.jpg&#8221; _builder_version=&#8221;3.19.5&#8243;][\/et_pb_image][et_pb_sidebar area=&#8221;sidebar-custom&#8221; _builder_version=&#8221;3.17.6&#8243; custom_padding=&#8221;|0px||&#8221;][\/et_pb_sidebar][\/et_pb_column][\/et_pb_row][\/et_pb_section]<\/p>\n","protected":false},"excerpt":{"rendered":"<p>[et_pb_section fb_built=&#8221;1&#8243; _builder_version=&#8221;3.17.6&#8243; custom_padding=&#8221;0px||0px|&#8221;][et_pb_row make_fullwidth=&#8221;on&#8221; use_custom_gutter=&#8221;on&#8221; gutter_width=&#8221;1&#8243; custom_padding=&#8221;0px||0px|&#8221; _builder_version=&#8221;3.17.6&#8243;][et_pb_column type=&#8221;4_4&#8243; _builder_version=&#8221;3.0.47&#8243; parallax=&#8221;off&#8221; parallax_method=&#8221;on&#8221;][et_pb_slider _builder_version=&#8221;3.19.5&#8243;][et_pb_slide heading=&#8221;4.1 Course on Madeira from 08.03.2020 to 13.03.2020&#8243; use_bg_overlay=&#8221;off&#8221; use_text_overlay=&#8221;off&#8221; _builder_version=&#8221;3.19.5&#8243; header_text_align=&#8221;center&#8221; body_text_align=&#8221;center&#8221; background_color=&#8221;#0055a5&#8243; button_on_hover=&#8221;on&#8221; button_alignment=&#8221;center&#8221; custom_padding=&#8221;100px||100px|&#8221; custom_padding_tablet=&#8221;0px||0px|&#8221; custom_padding_phone=&#8221;0px||0px|&#8221;][\/et_pb_slide][\/et_pb_slider][\/et_pb_column][\/et_pb_row][\/et_pb_section][et_pb_section fb_built=&#8221;1&#8243; _builder_version=&#8221;3.17.6&#8243;][et_pb_row make_fullwidth=&#8221;on&#8221; use_custom_gutter=&#8221;on&#8221; gutter_width=&#8221;1&#8243; custom_padding=&#8221;0px||0px|&#8221; make_equal=&#8221;on&#8221; background_color_1=&#8221;#3498e4&#8243; background_color_2=&#8221;#ffffff&#8221; background_color_3=&#8221;#ffffff&#8221; padding_top_1=&#8221;30px&#8221; padding_top_2=&#8221;30px&#8221; padding_top_3=&#8221;30px&#8221; padding_right_1=&#8221;20px&#8221; padding_right_2=&#8221;30px&#8221; padding_right_3=&#8221;20px&#8221; padding_bottom_1=&#8221;30px&#8221; padding_bottom_2=&#8221;30px&#8221; padding_bottom_3=&#8221;30px&#8221; padding_left_1=&#8221;20px&#8221; padding_left_2=&#8221;30px&#8221; padding_left_3=&#8221;20px&#8221; [&hellip;]<\/p>\n","protected":false},"author":4,"featured_media":0,"parent":0,"menu_order":0,"comment_status":"closed","ping_status":"closed","template":"","meta":{"_et_pb_use_builder":"on","_et_pb_old_content":""},"aioseo_notices":[],"_links":{"self":[{"href":"http:\/\/ifel-institut.eu\/en\/wp-json\/wp\/v2\/pages\/478"}],"collection":[{"href":"http:\/\/ifel-institut.eu\/en\/wp-json\/wp\/v2\/pages"}],"about":[{"href":"http:\/\/ifel-institut.eu\/en\/wp-json\/wp\/v2\/types\/page"}],"author":[{"embeddable":true,"href":"http:\/\/ifel-institut.eu\/en\/wp-json\/wp\/v2\/users\/4"}],"replies":[{"embeddable":true,"href":"http:\/\/ifel-institut.eu\/en\/wp-json\/wp\/v2\/comments?post=478"}],"version-history":[{"count":7,"href":"http:\/\/ifel-institut.eu\/en\/wp-json\/wp\/v2\/pages\/478\/revisions"}],"predecessor-version":[{"id":787,"href":"http:\/\/ifel-institut.eu\/en\/wp-json\/wp\/v2\/pages\/478\/revisions\/787"}],"wp:attachment":[{"href":"http:\/\/ifel-institut.eu\/en\/wp-json\/wp\/v2\/media?parent=478"}],"curies":[{"name":"wp","href":"https:\/\/api.w.org\/{rel}","templated":true}]}}